{"id":28,"date":"2021-12-08T21:30:37","date_gmt":"2021-12-08T20:30:37","guid":{"rendered":"http:\/\/majakoszarska.pl\/?page_id=28"},"modified":"2021-12-08T22:04:51","modified_gmt":"2021-12-08T21:04:51","slug":"informacje","status":"publish","type":"page","link":"https:\/\/majakoszarska.pl\/?page_id=28","title":{"rendered":"Informacje"},"content":{"rendered":"\n<p>Mo\u017cesz by\u0107 artyst\u0105, kt\u00f3ry chcia\u0142by przedstawi\u0107 siebie i swoj\u0105 prac\u0119, a mo\u017ce to strona firmowa, a sama firma ma misj\u0119 do opisania.<\/p>\n","protected":false},"excerpt":{"rendered":"<p>Mo\u017cesz by\u0107 artyst\u0105, kt\u00f3ry chcia\u0142by przedstawi\u0107 siebie i swoj\u0105 prac\u0119, a mo\u017ce to strona firmowa, a sama firma ma misj\u0119 do opisania.<\/p>\n","protected":false},"author":1,"featured_media":0,"parent":30,"menu_order":0,"comment_status":"closed","ping_status":"closed","template":"","meta":{"footnotes":""},"class_list":["post-28","page","type-page","status-publish","czr-hentry"],"_links":{"self":[{"href":"https:\/\/majakoszarska.pl\/index.php?rest_route=\/wp\/v2\/pages\/28","targetHints":{"allow":["GET"]}}],"collection":[{"href":"https:\/\/majakoszarska.pl\/index.php?rest_route=\/wp\/v2\/pages"}],"about":[{"href":"https:\/\/majakoszarska.pl\/index.php?rest_route=\/wp\/v2\/types\/page"}],"author":[{"embeddable":true,"href":"https:\/\/majakoszarska.pl\/index.php?rest_route=\/wp\/v2\/users\/1"}],"replies":[{"embeddable":true,"href":"https:\/\/majakoszarska.pl\/index.php?rest_route=%2Fwp%2Fv2%2Fcomments&post=28"}],"version-history":[{"count":1,"href":"https:\/\/majakoszarska.pl\/index.php?rest_route=\/wp\/v2\/pages\/28\/revisions"}],"predecessor-version":[{"id":33,"href":"https:\/\/majakoszarska.pl\/index.php?rest_route=\/wp\/v2\/pages\/28\/revisions\/33"}],"up":[{"embeddable":true,"href":"https:\/\/majakoszarska.pl\/index.php?rest_route=\/wp\/v2\/pages\/30"}],"wp:attachment":[{"href":"https:\/\/majakoszarska.pl\/index.php?rest_route=%2Fwp%2Fv2%2Fmedia&parent=28"}],"curies":[{"name":"wp","href":"https:\/\/api.w.org\/{rel}","templated":true}]}}